{"id":447,"date":"2023-03-29T14:12:47","date_gmt":"2023-03-29T14:12:47","guid":{"rendered":"http:\/\/www.skyarcline.com\/?page_id=447"},"modified":"2023-04-09T21:08:37","modified_gmt":"2023-04-09T21:08:37","slug":"quick-links","status":"publish","type":"page","link":"http:\/\/www.skyarcline.com\/?page_id=447","title":{"rendered":"Quick Links"},"content":{"rendered":"\n<h2 class=\"wp-block-heading\"><a href=\"https:\/\/www.linkedin.com\/in\/caglararli\/add-edit\/SUMMARY\/?profileFormEntryPoint=PROFILE_SECTION&amp;trackingId=LR88LmmaQUi5eEoPNrjVsg%3D%3D\"><\/a><a href=\"https:\/\/www.linkedin.com\/in\/caglararli\/add-edit\/SUMMARY\/?profileFormEntryPoint=PROFILE_SECTION&amp;trackingId=LR88LmmaQUi5eEoPNrjVsg%3D%3D\"><\/a><\/h2>\n\n\n\n<p>\u00c7a\u011flar\u0131n D\u00fcnyas\u0131na Ho\u015fgeldiniz&#8230;. Turizm.Seyahat.K\u00fclt\u00fcr.Ke\u015ffetmek g\u00fczeldir.Seyehat ederken beni takip edin yeni yerlere yelken a\u00e7\u0131n.\ud83d\uddfdYolculu\u011funu ke\u015ffet\ud83d\udeeb \ud83d\uddc3Yeni yerler\/ke\u015fifsel renkler\ud83d\udcf7 Arad\u0131\u011f\u0131n\u0131z her\u015fey burada. Beni takip eden ve be\u011fenen insanlara ailem diyorum. Ben onlar sayesinde var\u0131m.<br><br>\u269c\ufe0f\u269c\ufe0f\u269c\ufe0f\u269c\ufe0f\u269c\ufe0f\u269c\ufe0f\u269c\ufe0f\u269c\ufe0f\u269c\ufe0f\u269c\ufe0f\u269c\ufe0f\u269c\ufe0f\u269c\ufe0f\u269c\ufe0f\u269c\ufe0f\u269c\ufe0f\u269c\ufe0f\u269c\ufe0f<br><br>Ben yeni hikayeler yaratan \u00f6zg\u00fcn yenilik\u00e7i bir ki\u015fiyim.<br><br>\u269c\ufe0f\u269c\ufe0f\u269c\ufe0f\u269c\ufe0f\u269c\ufe0f\u269c\ufe0f\u269c\ufe0f\u269c\ufe0f\u269c\ufe0f\u269c\ufe0f\u269c\ufe0f\u269c\ufe0f\u269c\ufe0f\u269c\ufe0f\u269c\ufe0f\u269c\ufe0f\u269c\ufe0f\u269c\ufe0f<br><br><br>\ud83d\udee1 \u00d6zelliklerim Ve Yeteneklerim \ud83d\udee1<br><br>Ya\u015fam\u0131n Mimari. Siber Sava\u015f Ve G\u00fcvenlik Teknolojileri Uzman\u0131.Borsa Uzman\u0131. Emlak\u00e7\u0131.Tasarimci.Girisimci.E Ma\u011faza Sahibi. M\u00fchendisli\u011fin Mimari. Mimarligin M\u00fchendisi. Bili\u015fim Ve Otomasyon Teknolojileri Uzman\u0131.Yatirimci. Giri\u015fimci. Yaz\u0131l\u0131m. Donan\u0131m. Otomasyon. End\u00fcstri 5.0 Yapay Zeka. Uzman Sistemler. Bulut Bilisim. Metaverse. Web 3.0 Makine \u00d6\u011frenimi. Semantic Web. L\u00fcks Dizayn Mimar\u0131. Ev. Villa. Rezidans.<br><br>\ud83c\udf0d Web Sitem \ud83c\udf0d<br><br>https:\/\/www.caglararli.com.tr<br>http:\/\/www.caglararli.com<br><br>\ud83d\udcf1Cep Telefonu\ud83d\udcf1<br><br>05386281520<br><br>\ud83d\udce0 Whats Up \ud83d\udce0<br><br>https:\/\/wa.me\/905386281520<br><br>\ud83d\udce7 E Posta \ud83d\udce7<br><br>caglararli@hotmail.com<br>caglararli@gmail.com<br><br>Baglantilarim=<br><br>\u2744\ufe0f<a href=\"https:\/\/www.caglararli.com.tr\">\u00c7a\u011flar Arl\u0131 T\u00fcrkiye<\/a><br>\u2744\ufe0f<a href=\"http:\/\/www.caglararli.com\">\u00c7a\u011flar Arl\u0131<\/a><br>\u2744\ufe0f<a href=\"http:\/\/www.annanowa.com\">Annanowa<\/a><br>\u2744\ufe0f<a href=\"http:\/\/www.savasanteknoloji.com\">Sava\u015fan Teknoloji<\/a><br>\u2744\ufe0f<a href=\"http:\/\/www.lindowsx.com\">Lindows X Operating System<\/a><br>\u2744\ufe0f<a href=\"http:\/\/www.yasayanmimari.com\">Ya\u015fayan Mimari<\/a><br>\u2744\ufe0f<a href=\"http:\/\/www.kesfetmekicingel.com\">Ke\u015ffetmek I\u00e7in Gel<\/a><br>\u2744\ufe0f<a href=\"http:\/\/www.sahibindenkarli.com\">Sahibindenkarli<\/a><br>\u2744\ufe0f<a href=\"http:\/\/www.kirlangicsitescope.com\">K\u0131rlang\u0131\u00e7 Sitescope<\/a><br>\u2744\ufe0f<a href=\"http:\/\/www.masterplussacademy.com\">Master Academy<\/a><br>\u2744\ufe0f<a href=\"http:\/\/www.metawindowsx.com\">Meta Windows X<\/a><br>\u2744\ufe0f<a href=\"http:\/\/www.dugunumegelirmisin.com\">D\u00fc\u011f\u00fcn\u00fcme Gelirmisin<\/a><br>\u2744\ufe0f<a href=\"http:\/\/www.skyarcline.com\">Sky Arc Line<\/a><br><br>Web Uygularim Ve Portallarim=<br><br>\ud83c\udf0d https:\/\/www.caglararli.com.tr<br>\ud83c\udf0d http:\/\/www.caglararli.com<br>\ud83c\udf0d http:\/\/www.annanowa.com<br>\ud83c\udf0d http:\/\/www.savasanteknoloji.com<br>\ud83c\udf0d http:\/\/www.lindowsx.com<br>\ud83c\udf0d http:\/\/www.yasayanmimari.com<br>\ud83c\udf0d http:\/\/www.kesfetmekicingel.com<br>\ud83c\udf0d http:\/\/www.sahibindenkarli.com<br>\ud83c\udf0d http:\/\/www.kirlangicsitescope.com<br>\ud83c\udf0d http:\/\/www.masterplussacademy.com<br>\ud83c\udf0d http:\/\/www.metawindowsx.com<br>\ud83c\udf0d http:\/\/www.dugunumegelirmisin.com<br>\ud83c\udf0d http:\/\/www.skyarcline.com<\/p>\n\n\n\n<p><\/p>\n","protected":false},"excerpt":{"rendered":"<p>\u00c7a\u011flar\u0131n D\u00fcnyas\u0131na Ho\u015fgeldiniz&#8230;. Turizm.Seyahat.K\u00fclt\u00fcr.Ke\u015ffetmek g\u00fczeldir.Seyehat ederken beni takip edin yeni yerlere yelken a\u00e7\u0131n.\ud83d\uddfdYolculu\u011funu ke\u015ffet\ud83d\udeeb \ud83d\uddc3Yeni yerler\/ke\u015fifsel renkler\ud83d\udcf7 Arad\u0131\u011f\u0131n\u0131z her\u015fey burada. Beni takip eden ve be\u011fenen insanlara ailem diyorum. Ben onlar sayesinde var\u0131m. \u269c\ufe0f\u269c\ufe0f\u269c\ufe0f\u269c\ufe0f\u269c\ufe0f\u269c\ufe0f\u269c\ufe0f\u269c\ufe0f\u269c\ufe0f\u269c\ufe0f\u269c\ufe0f\u269c\ufe0f\u269c\ufe0f\u269c\ufe0f\u269c\ufe0f\u269c\ufe0f\u269c\ufe0f\u269c\ufe0f Ben yeni hikayeler yaratan \u00f6zg\u00fcn yenilik\u00e7i bir ki\u015fiyim. \u269c\ufe0f\u269c\ufe0f\u269c\ufe0f\u269c\ufe0f\u269c\ufe0f\u269c\ufe0f\u269c\ufe0f\u269c\ufe0f\u269c\ufe0f\u269c\ufe0f\u269c\ufe0f\u269c\ufe0f\u269c\ufe0f\u269c\ufe0f\u269c\ufe0f\u269c\ufe0f\u269c\ufe0f\u269c\ufe0f \ud83d\udee1 \u00d6zelliklerim Ve Yeteneklerim \ud83d\udee1 Ya\u015fam\u0131n Mimari. Siber Sava\u015f Ve G\u00fcvenlik Teknolojileri Uzman\u0131.Borsa Uzman\u0131. Emlak\u00e7\u0131.Tasarimci.Girisimci.E Ma\u011faza Sahibi. M\u00fchendisli\u011fin Mimari. Mimarligin M\u00fchendisi. Bili\u015fim Ve Otomasyon Teknolojileri Uzman\u0131.Yatirimci. Giri\u015fimci. Yaz\u0131l\u0131m. Donan\u0131m. Otomasyon. End\u00fcstri 5.0 Yapay Zeka. Uzman Sistemler. Bulut Bilisim. Metaverse. Web 3.0 Makine \u00d6\u011frenimi. Semantic Web. L\u00fcks Dizayn Mimar\u0131. Ev. Villa. Rezidans. \ud83c\udf0d Web Sitem \ud83c\udf0d https:\/\/www.caglararli.com.trhttp:\/\/www.caglararli.com \ud83d\udcf1Cep Telefonu\ud83d\udcf1<\/p>\n","protected":false},"author":1,"featured_media":0,"parent":0,"menu_order":0,"comment_status":"closed","ping_status":"closed","template":"","meta":[],"_links":{"self":[{"href":"http:\/\/www.skyarcline.com\/index.php?rest_route=\/wp\/v2\/pages\/447"}],"collection":[{"href":"http:\/\/www.skyarcline.com\/index.php?rest_route=\/wp\/v2\/pages"}],"about":[{"href":"http:\/\/www.skyarcline.com\/index.php?rest_route=\/wp\/v2\/types\/page"}],"author":[{"embeddable":true,"href":"http:\/\/www.skyarcline.com\/index.php?rest_route=\/wp\/v2\/users\/1"}],"replies":[{"embeddable":true,"href":"http:\/\/www.skyarcline.com\/index.php?rest_route=%2Fwp%2Fv2%2Fcomments&post=447"}],"version-history":[{"count":5,"href":"http:\/\/www.skyarcline.com\/index.php?rest_route=\/wp\/v2\/pages\/447\/revisions"}],"predecessor-version":[{"id":798,"href":"http:\/\/www.skyarcline.com\/index.php?rest_route=\/wp\/v2\/pages\/447\/revisions\/798"}],"wp:attachment":[{"href":"http:\/\/www.skyarcline.com\/index.php?rest_route=%2Fwp%2Fv2%2Fmedia&parent=447"}],"curies":[{"name":"wp","href":"https:\/\/api.w.org\/{rel}","templated":true}]}}